{"id":2057,"date":"2025-06-19T05:27:39","date_gmt":"2025-06-19T05:27:39","guid":{"rendered":"https:\/\/www.anglkalaskova.cz\/?page_id=2057"},"modified":"2025-08-25T13:38:54","modified_gmt":"2025-08-25T13:38:54","slug":"online-courses","status":"publish","type":"page","link":"https:\/\/www.anglkalaskova.cz\/index.php\/online-courses\/","title":{"rendered":"English Online Courses"},"content":{"rendered":"\n<p>Start Learning Now<\/p>\n\n\n\n<p class=\"has-text-align-center\">&nbsp;<a class=\"maxbutton-1 maxbutton maxbutton-english-tenses-course\" href=\"https:\/\/payhip.com\/b\/c2AFo\"><span class='mb-text'>BUY NOW<\/span><\/a><\/p>\n\n\n\n<figure class=\"wp-block-image size-large\"><img loading=\"lazy\" decoding=\"async\" width=\"1024\" height=\"576\" src=\"https:\/\/www.anglkalaskova.cz\/wp-content\/uploads\/2025\/08\/1-1-1024x576.jpg\" alt=\"\" class=\"wp-image-2123\" srcset=\"https:\/\/www.anglkalaskova.cz\/wp-content\/uploads\/2025\/08\/1-1-1024x576.jpg 1024w, https:\/\/www.anglkalaskova.cz\/wp-content\/uploads\/2025\/08\/1-1-300x169.jpg 300w, https:\/\/www.anglkalaskova.cz\/wp-content\/uploads\/2025\/08\/1-1-768x432.jpg 768w, https:\/\/www.anglkalaskova.cz\/wp-content\/uploads\/2025\/08\/1-1-1536x864.jpg 1536w, https:\/\/www.anglkalaskova.cz\/wp-content\/uploads\/2025\/08\/1-1.jpg 1920w\" sizes=\"auto, (max-width: 1024px) 100vw, 1024px\" \/><\/figure>\n\n\n\n<p>Created by Jana Kal\u00e1\u0161kov\u00e1, English tutor with 10+ years of experience.<\/p>\n\n\n\n<p>&#8220;<strong>English Tenses by a Million Sentences<\/strong>&#8220;<\/p>\n\n\n\n<p><\/p>\n\n\n\n<p><\/p>\n\n\n\n<p><\/p>\n\n\n\n<p><strong>The course is designed specifically for adult learners and focuses on the 12 most important tenses and structures in English. Each part contains explanations, exercises, entertaining stories and jokes, all crafted in the particular tense being studied.<\/strong><\/p>\n\n\n\n<p><strong>It is based on worksheets accompanied by explanatory videos.<\/strong><\/p>\n\n\n\n<p><strong>The course includes numerous mini-tests that will assess your progress and your grasp of the material.<\/strong><\/p>\n\n\n\n<p><strong>Online courses offer numerous advantages, such as the flexibility to learn at your own pace and the convenience of accessing materials from anywhere. Moreover, online courses can be more cost-effective than traditional in-person classes, as they often eliminate expenses related to commuting, housing, and physical materials.<\/strong><\/p>\n\n\n\n\n\n<p><\/p>\n\n\n\n<p><\/p>\n\n\n\n<p><\/p>\n\n\n\n<p><\/p>\n\n\n\n<p><\/p>\n\n\n\n<p><\/p>\n\n\n\n<p><\/p>\n\n\n\n<p><\/p>\n","protected":false},"excerpt":{"rendered":"<p>Start Learning Now &nbsp; Created by Jana Kal\u00e1\u0161kov\u00e1, English tutor with 10+ years of experience. &#8220;English Tenses by a Million Sentences&#8220; The course is designed specifically for adult learners and focuses on the 12 most important tenses and structures in English. Each part contains explanations, exercises, entertaining stories and jokes, all crafted in the particular [&hellip;]<\/p>\n","protected":false},"author":1,"featured_media":0,"parent":0,"menu_order":0,"comment_status":"closed","ping_status":"closed","template":"","meta":{"footnotes":""},"class_list":["post-2057","page","type-page","status-publish","hentry"],"_links":{"self":[{"href":"https:\/\/www.anglkalaskova.cz\/index.php\/wp-json\/wp\/v2\/pages\/2057","targetHints":{"allow":["GET"]}}],"collection":[{"href":"https:\/\/www.anglkalaskova.cz\/index.php\/wp-json\/wp\/v2\/pages"}],"about":[{"href":"https:\/\/www.anglkalaskova.cz\/index.php\/wp-json\/wp\/v2\/types\/page"}],"author":[{"embeddable":true,"href":"https:\/\/www.anglkalaskova.cz\/index.php\/wp-json\/wp\/v2\/users\/1"}],"replies":[{"embeddable":true,"href":"https:\/\/www.anglkalaskova.cz\/index.php\/wp-json\/wp\/v2\/comments?post=2057"}],"version-history":[{"count":20,"href":"https:\/\/www.anglkalaskova.cz\/index.php\/wp-json\/wp\/v2\/pages\/2057\/revisions"}],"predecessor-version":[{"id":2251,"href":"https:\/\/www.anglkalaskova.cz\/index.php\/wp-json\/wp\/v2\/pages\/2057\/revisions\/2251"}],"wp:attachment":[{"href":"https:\/\/www.anglkalaskova.cz\/index.php\/wp-json\/wp\/v2\/media?parent=2057"}],"curies":[{"name":"wp","href":"https:\/\/api.w.org\/{rel}","templated":true}]}}