{"id":2066,"date":"2025-06-19T06:40:37","date_gmt":"2025-06-19T06:40:37","guid":{"rendered":"https:\/\/www.anglkalaskova.cz\/?page_id=2066"},"modified":"2025-08-25T08:21:54","modified_gmt":"2025-08-25T08:21:54","slug":"about","status":"publish","type":"page","link":"https:\/\/www.anglkalaskova.cz\/index.php\/about\/","title":{"rendered":"About Me"},"content":{"rendered":"\n<p><\/p>\n\n\n\n\n\n<figure class=\"wp-block-image size-full is-resized\"><img loading=\"lazy\" decoding=\"async\" width=\"576\" height=\"576\" src=\"https:\/\/www.anglkalaskova.cz\/wp-content\/uploads\/2025\/07\/Jana-1990.jpg\" alt=\"\" class=\"wp-image-2114\" style=\"width:159px;height:auto\" srcset=\"https:\/\/www.anglkalaskova.cz\/wp-content\/uploads\/2025\/07\/Jana-1990.jpg 576w, https:\/\/www.anglkalaskova.cz\/wp-content\/uploads\/2025\/07\/Jana-1990-300x300.jpg 300w, https:\/\/www.anglkalaskova.cz\/wp-content\/uploads\/2025\/07\/Jana-1990-150x150.jpg 150w\" sizes=\"auto, (max-width: 576px) 100vw, 576px\" \/><\/figure>\n\n\n\n<p>Hello, my name is <strong>Jana Kal\u00e1\u0161kov\u00e1<\/strong>, and I am the creator of <em>English Tenses by a Million Sentences<\/em>.<\/p>\n\n\n\n<p>I hold a Master\u2019s degree in Engineering, but my true passion has always been languages. More than ten years ago I decided to follow this passion and began teaching English. Since then, I have worked with hundreds of students \u2014 from complete beginners to advanced speakers preparing for international exams and careers.<\/p>\n\n\n\n<p>Through my teaching experience, I discovered that many learners face the same challenge: <strong>English tenses<\/strong>. They are essential for clear communication, yet they often seem confusing and difficult to master. That insight inspired me to create this course \u2014 a structured, practice-based program where you naturally absorb the logic of tenses by working through thousands of examples and sentences.<\/p>\n\n\n\n<p>My teaching philosophy is simple: <strong>practice makes perfect<\/strong>. Language learning should be clear, practical, and motivating. With this course, I want to help you build confidence, accuracy, and fluency so you can use English effectively in everyday life, studies, or business.<\/p>\n\n\n\n<p>Thank you for being here \u2014 I look forward to supporting you on your English learning journey!<\/p>\n","protected":false},"excerpt":{"rendered":"<p>Hello, my name is Jana Kal\u00e1\u0161kov\u00e1, and I am the creator of English Tenses by a Million Sentences. I hold a Master\u2019s degree in Engineering, but my true passion has always been languages. More than ten years ago I decided to follow this passion and began teaching English. Since then, I have worked with hundreds [&hellip;]<\/p>\n","protected":false},"author":1,"featured_media":0,"parent":0,"menu_order":0,"comment_status":"closed","ping_status":"closed","template":"","meta":{"footnotes":""},"class_list":["post-2066","page","type-page","status-publish","hentry"],"_links":{"self":[{"href":"https:\/\/www.anglkalaskova.cz\/index.php\/wp-json\/wp\/v2\/pages\/2066","targetHints":{"allow":["GET"]}}],"collection":[{"href":"https:\/\/www.anglkalaskova.cz\/index.php\/wp-json\/wp\/v2\/pages"}],"about":[{"href":"https:\/\/www.anglkalaskova.cz\/index.php\/wp-json\/wp\/v2\/types\/page"}],"author":[{"embeddable":true,"href":"https:\/\/www.anglkalaskova.cz\/index.php\/wp-json\/wp\/v2\/users\/1"}],"replies":[{"embeddable":true,"href":"https:\/\/www.anglkalaskova.cz\/index.php\/wp-json\/wp\/v2\/comments?post=2066"}],"version-history":[{"count":6,"href":"https:\/\/www.anglkalaskova.cz\/index.php\/wp-json\/wp\/v2\/pages\/2066\/revisions"}],"predecessor-version":[{"id":2247,"href":"https:\/\/www.anglkalaskova.cz\/index.php\/wp-json\/wp\/v2\/pages\/2066\/revisions\/2247"}],"wp:attachment":[{"href":"https:\/\/www.anglkalaskova.cz\/index.php\/wp-json\/wp\/v2\/media?parent=2066"}],"curies":[{"name":"wp","href":"https:\/\/api.w.org\/{rel}","templated":true}]}}