{"id":2259,"date":"2025-08-26T08:39:34","date_gmt":"2025-08-26T08:39:34","guid":{"rendered":"https:\/\/www.anglkalaskova.cz\/?page_id=2259"},"modified":"2025-09-04T07:16:21","modified_gmt":"2025-09-04T07:16:21","slug":"contact","status":"publish","type":"page","link":"https:\/\/www.anglkalaskova.cz\/index.php\/contact\/","title":{"rendered":"Contact"},"content":{"rendered":"\n<p><em>Get in Touch<\/em><\/p>\n\n\n\n<p><br>Do you have any questions about the course, technical issues, or cooperation opportunities? <\/p>\n\n\n\n<p>Feel free to contact me \u2014 I will be happy to hear from you.<\/p>\n\n\n\n<ul class=\"wp-block-list\">\n<li> E-mail: <strong><a>angl.kalaskova@seznam.cz<\/a><\/strong><\/li>\n\n\n\n<li> Address: Horn\u00ed Po\u0159\u00ed\u010d\u00ed 33, 679 62, Czech Republic<\/li>\n\n\n\n<li>Business ID: 88925404<\/li>\n<\/ul>\n\n\n\n<p><\/p>\n\n\n\n<p><em> <\/em><\/p>\n","protected":false},"excerpt":{"rendered":"<p>Get in Touch Do you have any questions about the course, technical issues, or cooperation opportunities? Feel free to contact me \u2014 I will be happy to hear from you.<\/p>\n","protected":false},"author":1,"featured_media":0,"parent":0,"menu_order":0,"comment_status":"closed","ping_status":"closed","template":"","meta":{"footnotes":""},"class_list":["post-2259","page","type-page","status-publish","hentry"],"_links":{"self":[{"href":"https:\/\/www.anglkalaskova.cz\/index.php\/wp-json\/wp\/v2\/pages\/2259","targetHints":{"allow":["GET"]}}],"collection":[{"href":"https:\/\/www.anglkalaskova.cz\/index.php\/wp-json\/wp\/v2\/pages"}],"about":[{"href":"https:\/\/www.anglkalaskova.cz\/index.php\/wp-json\/wp\/v2\/types\/page"}],"author":[{"embeddable":true,"href":"https:\/\/www.anglkalaskova.cz\/index.php\/wp-json\/wp\/v2\/users\/1"}],"replies":[{"embeddable":true,"href":"https:\/\/www.anglkalaskova.cz\/index.php\/wp-json\/wp\/v2\/comments?post=2259"}],"version-history":[{"count":2,"href":"https:\/\/www.anglkalaskova.cz\/index.php\/wp-json\/wp\/v2\/pages\/2259\/revisions"}],"predecessor-version":[{"id":2273,"href":"https:\/\/www.anglkalaskova.cz\/index.php\/wp-json\/wp\/v2\/pages\/2259\/revisions\/2273"}],"wp:attachment":[{"href":"https:\/\/www.anglkalaskova.cz\/index.php\/wp-json\/wp\/v2\/media?parent=2259"}],"curies":[{"name":"wp","href":"https:\/\/api.w.org\/{rel}","templated":true}]}}